{"id":51,"date":"2022-10-12T09:33:55","date_gmt":"2022-10-12T07:33:55","guid":{"rendered":"http:\/\/longlaa.cluster030.hosting.ovh.net\/bf229748-ovh\/index.php\/loisirs\/aires-de-jeux\/"},"modified":"2023-03-16T11:09:08","modified_gmt":"2023-03-16T10:09:08","slug":"aires-de-jeux","status":"publish","type":"page","link":"https:\/\/www.longlaville.fr\/?page_id=51","title":{"rendered":"\u2028Aires de jeux"},"content":{"rendered":"<p>[et_pb_section fb_built=&#8221;1&#8243; _builder_version=&#8221;4.18.0&#8243; _module_preset=&#8221;default&#8221; custom_padding=&#8221;150px|||||&#8221; global_colors_info=&#8221;{}&#8221;][et_pb_row _builder_version=&#8221;4.18.0&#8243; _module_preset=&#8221;default&#8221; global_colors_info=&#8221;{}&#8221;][et_pb_column type=&#8221;4_4&#8243; _builder_version=&#8221;4.18.0&#8243; _module_preset=&#8221;default&#8221; global_colors_info=&#8221;{}&#8221;][et_pb_text _builder_version=&#8221;4.18.0&#8243; _module_preset=&#8221;default&#8221; custom_margin=&#8221;||0px||false|false&#8221; global_colors_info=&#8221;{}&#8221;]<\/p>\n<h1>Parc et aires de jeux<\/h1>\n<p>[\/et_pb_text][et_pb_divider color=&#8221;#006D7B&#8221; divider_weight=&#8221;6px&#8221; _builder_version=&#8221;4.18.0&#8243; _module_preset=&#8221;default&#8221; custom_margin=&#8221;0px||||false|false&#8221; global_colors_info=&#8221;{}&#8221;][\/et_pb_divider][et_pb_text _builder_version=&#8221;4.19.0&#8243; _module_preset=&#8221;default&#8221; hover_enabled=&#8221;0&#8243; global_colors_info=&#8221;{}&#8221; sticky_enabled=&#8221;0&#8243;]<\/p>\n<p><strong>La ville b\u00e9n\u00e9ficie de nombreux espaces verts dont le parc Jacques DUCLOS avec ses nombreuses aires de jeu pour les enfants et les plus grands. Une piste cyclable favorisant les mobilit\u00e9s douces (v\u00e9lo, trottinette, roller, mais aussi balade \u00e0 pied\u2026) longe la Chiers, en p\u00e9riph\u00e9rie de la ville.<\/strong><\/p>\n<p>Un effort particulier est port\u00e9 sur la propret\u00e9 tant dans la gestion quotidienne que dans la sensibilisation continue aux bons gestes de tous.<\/p>\n<p><strong><img loading=\"lazy\" decoding=\"async\" src=\"http:\/\/www.longlaville.fr\/wp-content\/uploads\/2023\/03\/parcduclos-300x200.png\" alt=\"\" class=\"wp-image-472 alignnone size-medium\" width=\"300\" height=\"200\" \/><br \/><\/strong><strong>\u2022 Parc Jacques Duclos<\/strong><br \/>Place du 24 juillet 1897, 54810 Longlaville<\/p>\n<p><strong><img loading=\"lazy\" decoding=\"async\" src=\"http:\/\/www.longlaville.fr\/wp-content\/uploads\/2023\/03\/airesdejeux-300x224.png\" alt=\"\" class=\"wp-image-471 alignnone size-medium\" width=\"300\" height=\"224\" \/><\/strong><\/p>\n<p><strong>\u2022 Aire de Jeux pour enfants<\/strong><br \/>rue Jean Jaur\u00e8s, 54810 Longlaville<\/p>\n<p>[\/et_pb_text][\/et_pb_column][\/et_pb_row][\/et_pb_section]<\/p>\n","protected":false},"excerpt":{"rendered":"<p>Parc et aires de jeuxLa ville b\u00e9n\u00e9ficie de nombreux espaces verts dont le parc Jacques DUCLOS avec ses nombreuses aires de jeu pour les enfants et les plus grands. Une piste cyclable favorisant les mobilit\u00e9s douces (v\u00e9lo, trottinette, roller, mais aussi balade \u00e0 pied\u2026) longe la Chiers, en p\u00e9riph\u00e9rie de la ville. Un effort particulier [&hellip;]<\/p>\n","protected":false},"author":2,"featured_media":0,"parent":47,"menu_order":0,"comment_status":"closed","ping_status":"closed","template":"","meta":{"_et_pb_use_builder":"on","_et_pb_old_content":"","_et_gb_content_width":"","footnotes":""},"class_list":["post-51","page","type-page","status-publish","hentry"],"_links":{"self":[{"href":"https:\/\/www.longlaville.fr\/index.php?rest_route=\/wp\/v2\/pages\/51","targetHints":{"allow":["GET"]}}],"collection":[{"href":"https:\/\/www.longlaville.fr\/index.php?rest_route=\/wp\/v2\/pages"}],"about":[{"href":"https:\/\/www.longlaville.fr\/index.php?rest_route=\/wp\/v2\/types\/page"}],"author":[{"embeddable":true,"href":"https:\/\/www.longlaville.fr\/index.php?rest_route=\/wp\/v2\/users\/2"}],"replies":[{"embeddable":true,"href":"https:\/\/www.longlaville.fr\/index.php?rest_route=%2Fwp%2Fv2%2Fcomments&post=51"}],"version-history":[{"count":3,"href":"https:\/\/www.longlaville.fr\/index.php?rest_route=\/wp\/v2\/pages\/51\/revisions"}],"predecessor-version":[{"id":473,"href":"https:\/\/www.longlaville.fr\/index.php?rest_route=\/wp\/v2\/pages\/51\/revisions\/473"}],"up":[{"embeddable":true,"href":"https:\/\/www.longlaville.fr\/index.php?rest_route=\/wp\/v2\/pages\/47"}],"wp:attachment":[{"href":"https:\/\/www.longlaville.fr\/index.php?rest_route=%2Fwp%2Fv2%2Fmedia&parent=51"}],"curies":[{"name":"wp","href":"https:\/\/api.w.org\/{rel}","templated":true}]}}