{"id":46,"date":"2022-10-12T09:33:55","date_gmt":"2022-10-12T07:33:55","guid":{"rendered":"http:\/\/longlaa.cluster030.hosting.ovh.net\/bf229748-ovh\/index.php\/quotidien\/numeros-utiles\/"},"modified":"2023-04-03T09:46:34","modified_gmt":"2023-04-03T07:46:34","slug":"numeros-utiles","status":"publish","type":"page","link":"https:\/\/www.longlaville.fr\/?page_id=46","title":{"rendered":"Services"},"content":{"rendered":"<p>[et_pb_section fb_built=&#8221;1&#8243; _builder_version=&#8221;4.18.0&#8243; _module_preset=&#8221;default&#8221; custom_padding=&#8221;150px|||||&#8221; global_colors_info=&#8221;{}&#8221;][et_pb_row _builder_version=&#8221;4.18.0&#8243; _module_preset=&#8221;default&#8221; global_colors_info=&#8221;{}&#8221;][et_pb_column type=&#8221;4_4&#8243; _builder_version=&#8221;4.18.0&#8243; _module_preset=&#8221;default&#8221; global_colors_info=&#8221;{}&#8221;][et_pb_text _builder_version=&#8221;4.18.0&#8243; _module_preset=&#8221;default&#8221; custom_margin=&#8221;||0px||false|false&#8221; global_colors_info=&#8221;{}&#8221;]<\/p>\n<h1>Services<\/h1>\n<p>[\/et_pb_text][et_pb_divider color=&#8221;#006D7B&#8221; divider_weight=&#8221;6px&#8221; _builder_version=&#8221;4.18.0&#8243; _module_preset=&#8221;default&#8221; custom_margin=&#8221;0px||||false|false&#8221; global_colors_info=&#8221;{}&#8221;][\/et_pb_divider][et_pb_text _builder_version=&#8221;4.20.2&#8243; _module_preset=&#8221;default&#8221; hover_enabled=&#8221;0&#8243; global_colors_info=&#8221;{}&#8221; sticky_enabled=&#8221;0&#8243;]<\/p>\n<hr \/>\n<h4>emploi<\/h4>\n<p><strong>Agence d&#8217;Int\u00e9rim Manpower<br \/><\/strong>Espace Jean Monnet &#8211; 54810 LONGLAVILLE<br \/>du lundi au vendredi : 08:00-12:00\/14:00-18:00<br \/>\u2706 03 82 39 58 00<br \/>\u2709 <a href=\"http:\/\/www.manpower.fr\">www.manpower.fr<\/a><\/p>\n<hr \/>\n<h4>Sant\u00e9<\/h4>\n<p><strong>Pharmacie des trois fronti\u00e8res<\/strong><br \/>2 avenue Bogdan Politanski &#8211; 54810 LONGLAVILLE<br \/>du lundi au vendredi : 09:00-12:00\/14:00-19:00<br \/>samedi : 09:00-12:00<br \/>\u2706 03 82 24 33 63<\/p>\n<p><strong>ADMR Entraide du Pays Haut (Association de services \u00e0 la personne)<\/strong><br \/>Zone Du PED Eurobase 1, 1er \u00e9tage &#8211; 54810 LONGLAVILLE<br \/>du lundi au vendredi : 09:00-12:30\/13:30-17:00<br \/>\u2706 03 82 39 48 14<br \/>\u2709 <a href=\"http:\/\/www.admr54.fr\">www.admr54.fr<\/a><\/p>\n<p><strong>Adapah Nord 54<\/strong><br \/>Rue Ernest Hemingway &#8211; 54810 LONGLAVILLE<br \/>du lundi au vendredi : 08:00-12:00\/13:00-17:00<br \/>\u2706 03 82 23 39 12<br \/>\u2709 <a href=\"http:\/\/www.adapah54.fr\">www.adapah54.fr<\/a><\/p>\n<p><strong>H\u00f4pital du Bassin de Longwy<\/strong><br \/>4 rue Alfred LABB\u00c9 &#8211; 54350 Mont Saint Martin\u2028<br \/>\u2706 03 82 44 70 00<\/p>\n<hr \/>\n<h4>S\u00e9CURIT\u00e9<\/h4>\n<p><strong>Gendarmerie de Lexy<\/strong><br \/>43 rue de Longwy \u2013 54720 LEXY<br \/>\u2706 03 82 23 30 39<\/p>\n<p><strong>Police Nationale<\/strong><br \/>1 avenue du Pr\u00e9fet-Claude-Erignac<br \/>54350 MONT SAINT MARTIN<br \/>\u2706 03 82 24 30 01<\/p>\n<p><strong>Pompiers<\/strong><br \/>\u2706 18<\/p>\n<hr \/>\n<h4>Services postaux<\/h4>\n<p><strong>LA POSTE<\/strong><br \/>Place du 24 juillet 1897 &#8211; 54810 LONGLAVILLE<br \/>du lundi au vendredi : 13:30\u201317:00<br \/>\u2706 3631<br \/>\u2709 <a href=\"http:\/\/www.laposte.fr\">www.laposte.fr<\/a><\/p>\n<p><strong>Centre de tri<\/strong><br \/>Espace Jean Monnet, Rue du Prieur\u00e9 &#8211; 54810 LONGLAVILLE<br \/>du lundi au vendredi : 09:00\u201310:00\/14:30\u201316:00<br \/>\u2706 3631<br \/>\u2709 <a href=\"http:\/\/www.laposte.fr\">www.laposte.fr<\/a><\/p>\n<hr \/>\n<h4>Services de la Maison de la Formation<\/h4>\n<p><strong>Mission Locale<\/strong><br \/>Maison de la Formation<br \/>8 rue Louis MAJORELLE 54810 LONGLAVILLE<br \/>\u2706 03 82 25 99 97<\/p>\n<p><strong>Force Ouvri\u00e8re<\/strong> 03 82 89 74 15<br \/><strong>P\u00f4le Emploi<\/strong> 09 72 72 39 49<br \/><strong>Ecole de la 2\u00e8me chance<\/strong> 03 82 39 58 10<br \/><strong>CGT<\/strong> 03 82 24 30 48<br \/><strong>CFDT<\/strong> 03 82 25 15 51<br \/><strong>FNATH<\/strong> 03 82 89 56 28<br \/><strong>Cap Emploi \u00a0<\/strong><br \/><strong>Retravailler Lorraine \u00a0<\/strong><br \/><strong>T\u00e9loje \u00a0<\/strong><br \/><strong>E &#8211; R\u00eaka<\/strong> 07 78 46 49 98<br \/><strong>GRETA<\/strong> 03 82 25 24 60<br \/><strong>AMAPA<\/strong><br \/><strong>Madame BONNEAU \u2013 <\/strong><strong>Psychoth\u00e9rapeute<\/strong> 03 82 89 74 15<br \/><strong>CFTC<\/strong> 03 82 89 74 15<\/p>\n<hr \/>\n<h4>Urbanisme<\/h4>\n<p><strong>Agape\u00a0(Agence D&#8217;urbanisme et de D\u00e9veloppement Durable Lorraine Nord)<\/strong><br \/>Espace Jean Monnet, Eurobase 2, P\u00f4le Europ\u00e9en de D\u00e9veloppement &#8211; 54810 LONGLAVILLE<br \/>du lundi au vendredi : 09:00-12:00\/14:00-17:00<br \/>\u2706 03 55 26 00 10<br \/>\u2709 <a href=\"http:\/\/www.agape-lorrainenord.eu\">www.agape-lorrainenord.eu<\/a><\/p>\n<p>[\/et_pb_text][\/et_pb_column][\/et_pb_row][\/et_pb_section]<\/p>\n","protected":false},"excerpt":{"rendered":"<p>Services emploi Agence d&#8217;Int\u00e9rim ManpowerEspace Jean Monnet &#8211; 54810 LONGLAVILLEdu lundi au vendredi : 08:00-12:00\/14:00-18:00\u2706 03 82 39 58 00\u2709 www.manpower.fr Sant\u00e9 Pharmacie des trois fronti\u00e8res2 avenue Bogdan Politanski &#8211; 54810 LONGLAVILLEdu lundi au vendredi : 09:00-12:00\/14:00-19:00samedi : 09:00-12:00\u2706 03 82 24 33 63 ADMR Entraide du Pays Haut (Association de services \u00e0 la personne)Zone [&hellip;]<\/p>\n","protected":false},"author":2,"featured_media":0,"parent":42,"menu_order":0,"comment_status":"closed","ping_status":"closed","template":"","meta":{"_et_pb_use_builder":"on","_et_pb_old_content":"","_et_gb_content_width":"","footnotes":""},"class_list":["post-46","page","type-page","status-publish","hentry"],"_links":{"self":[{"href":"https:\/\/www.longlaville.fr\/index.php?rest_route=\/wp\/v2\/pages\/46","targetHints":{"allow":["GET"]}}],"collection":[{"href":"https:\/\/www.longlaville.fr\/index.php?rest_route=\/wp\/v2\/pages"}],"about":[{"href":"https:\/\/www.longlaville.fr\/index.php?rest_route=\/wp\/v2\/types\/page"}],"author":[{"embeddable":true,"href":"https:\/\/www.longlaville.fr\/index.php?rest_route=\/wp\/v2\/users\/2"}],"replies":[{"embeddable":true,"href":"https:\/\/www.longlaville.fr\/index.php?rest_route=%2Fwp%2Fv2%2Fcomments&post=46"}],"version-history":[{"count":8,"href":"https:\/\/www.longlaville.fr\/index.php?rest_route=\/wp\/v2\/pages\/46\/revisions"}],"predecessor-version":[{"id":574,"href":"https:\/\/www.longlaville.fr\/index.php?rest_route=\/wp\/v2\/pages\/46\/revisions\/574"}],"up":[{"embeddable":true,"href":"https:\/\/www.longlaville.fr\/index.php?rest_route=\/wp\/v2\/pages\/42"}],"wp:attachment":[{"href":"https:\/\/www.longlaville.fr\/index.php?rest_route=%2Fwp%2Fv2%2Fmedia&parent=46"}],"curies":[{"name":"wp","href":"https:\/\/api.w.org\/{rel}","templated":true}]}}