{"id":45,"date":"2022-10-12T09:33:55","date_gmt":"2022-10-12T07:33:55","guid":{"rendered":"http:\/\/longlaa.cluster030.hosting.ovh.net\/bf229748-ovh\/index.php\/quotidien\/environnement-et-cadre-de-vie\/"},"modified":"2023-03-16T10:35:15","modified_gmt":"2023-03-16T09:35:15","slug":"environnement-et-cadre-de-vie","status":"publish","type":"page","link":"https:\/\/www.longlaville.fr\/?page_id=45","title":{"rendered":"\u2028Environnement et cadre de vie\u2028"},"content":{"rendered":"<p>[et_pb_section fb_built=&#8221;1&#8243; _builder_version=&#8221;4.18.0&#8243; _module_preset=&#8221;default&#8221; custom_padding=&#8221;150px|||||&#8221; global_colors_info=&#8221;{}&#8221;][et_pb_row _builder_version=&#8221;4.18.0&#8243; _module_preset=&#8221;default&#8221; global_colors_info=&#8221;{}&#8221;][et_pb_column type=&#8221;4_4&#8243; _builder_version=&#8221;4.18.0&#8243; _module_preset=&#8221;default&#8221; global_colors_info=&#8221;{}&#8221;][et_pb_text _builder_version=&#8221;4.18.0&#8243; _module_preset=&#8221;default&#8221; custom_margin=&#8221;||0px||false|false&#8221; global_colors_info=&#8221;{}&#8221;]<\/p>\n<h1>Encombrant<\/h1>\n<p>[\/et_pb_text][et_pb_divider color=&#8221;#006D7B&#8221; divider_weight=&#8221;6px&#8221; _builder_version=&#8221;4.18.0&#8243; _module_preset=&#8221;default&#8221; custom_margin=&#8221;0px||||false|false&#8221; global_colors_info=&#8221;{}&#8221;][\/et_pb_divider][et_pb_text _builder_version=&#8221;4.18.0&#8243; _module_preset=&#8221;default&#8221; global_colors_info=&#8221;{}&#8221;]<\/p>\n<p><strong>Pour tout probl\u00e8me relatif au ramassage des ordures m\u00e9nag\u00e8res et du tri s\u00e9lectif, vous pouvez contacter :<br \/>Grand Longwy Agglom\u00e9ration au 03 82 26 03 00.<\/strong><\/p>\n<p><span style=\"color: #006d7b;\"><strong>RAMASSAGE DES ORDURES MENAGERES :<\/strong> <\/span><strong>Chaque mardi sur toute la commune.<\/strong><\/p>\n<p><strong><span style=\"color: #006d7b;\">RAMASSAGE DU TRI SELECTIF\u2028 : <\/span>Chaque lundi sur toute la commune.<\/strong><strong><\/strong><\/p>\n<p><strong>Objets encombrants\u00a0: 0800 00 39 41<\/strong><\/p>\n<p><strong>La distribution des sacs transparents se fait en mairie.<\/strong><\/p>\n<p>[\/et_pb_text][et_pb_toggle title=&#8221;D\u00c9CHETTERIE PULVENTEUX&#8221; closed_toggle_background_color=&#8221;rgba(0,109,123,0.1)&#8221; icon_color=&#8221;#006D7B&#8221; toggle_icon=&#8221;&#xe04c;||divi||400&#8243; open_icon_color=&#8221;#006D7B&#8221; open_toggle_icon=&#8221;&#xe04b;||divi||400&#8243; _builder_version=&#8221;4.18.0&#8243; _module_preset=&#8221;default&#8221; title_text_color=&#8221;#006D7B&#8221; title_level=&#8221;h4&#8243; title_font=&#8221;|||on|||||&#8221; border_width_all=&#8221;0px&#8221; border_color_all=&#8221;RGBA(255,255,255,0)&#8221; global_colors_info=&#8221;{}&#8221;]<\/p>\n<p><strong>5 rue du Pulventeux 54400 LONGWY<\/strong><\/p>\n<p><span style=\"color: #006d7b;\"><strong>Horaires d\u2019hiver (du 01\/11 au 31\/03) :<\/strong><\/span> \u2028du lundi au samedi : 10h-18h\u2028 \/ dimanche : 10h-13h<br \/><span style=\"color: #006d7b;\"><strong>Horaires d\u2019\u00e9t\u00e9 (du 01\/04 au 31\/10) :\u2028<\/strong> <\/span>du lundi au samedi : 10h-19h\u2028 \/ dimanche : 10h-13h<a href=\"www.acte-naissance.fr\"><\/a><\/p>\n<p>[\/et_pb_toggle][\/et_pb_column][\/et_pb_row][\/et_pb_section]<\/p>\n","protected":false},"excerpt":{"rendered":"<p>EncombrantPour tout probl\u00e8me relatif au ramassage des ordures m\u00e9nag\u00e8res et du tri s\u00e9lectif, vous pouvez contacter :Grand Longwy Agglom\u00e9ration au 03 82 26 03 00. RAMASSAGE DES ORDURES MENAGERES : Chaque mardi sur toute la commune. RAMASSAGE DU TRI SELECTIF\u2028 : Chaque lundi sur toute la commune. Objets encombrants\u00a0: 0800 00 39 41 La distribution [&hellip;]<\/p>\n","protected":false},"author":2,"featured_media":0,"parent":42,"menu_order":0,"comment_status":"closed","ping_status":"closed","template":"","meta":{"_et_pb_use_builder":"on","_et_pb_old_content":"","_et_gb_content_width":"","footnotes":""},"class_list":["post-45","page","type-page","status-publish","hentry"],"_links":{"self":[{"href":"https:\/\/www.longlaville.fr\/index.php?rest_route=\/wp\/v2\/pages\/45","targetHints":{"allow":["GET"]}}],"collection":[{"href":"https:\/\/www.longlaville.fr\/index.php?rest_route=\/wp\/v2\/pages"}],"about":[{"href":"https:\/\/www.longlaville.fr\/index.php?rest_route=\/wp\/v2\/types\/page"}],"author":[{"embeddable":true,"href":"https:\/\/www.longlaville.fr\/index.php?rest_route=\/wp\/v2\/users\/2"}],"replies":[{"embeddable":true,"href":"https:\/\/www.longlaville.fr\/index.php?rest_route=%2Fwp%2Fv2%2Fcomments&post=45"}],"version-history":[{"count":3,"href":"https:\/\/www.longlaville.fr\/index.php?rest_route=\/wp\/v2\/pages\/45\/revisions"}],"predecessor-version":[{"id":448,"href":"https:\/\/www.longlaville.fr\/index.php?rest_route=\/wp\/v2\/pages\/45\/revisions\/448"}],"up":[{"embeddable":true,"href":"https:\/\/www.longlaville.fr\/index.php?rest_route=\/wp\/v2\/pages\/42"}],"wp:attachment":[{"href":"https:\/\/www.longlaville.fr\/index.php?rest_route=%2Fwp%2Fv2%2Fmedia&parent=45"}],"curies":[{"name":"wp","href":"https:\/\/api.w.org\/{rel}","templated":true}]}}