{"id":40,"date":"2022-10-12T09:33:55","date_gmt":"2022-10-12T07:33:55","guid":{"rendered":"http:\/\/longlaa.cluster030.hosting.ovh.net\/bf229748-ovh\/index.php\/mairie\/marches-publics\/"},"modified":"2023-07-05T09:23:00","modified_gmt":"2023-07-05T07:23:00","slug":"marches-publics","status":"publish","type":"page","link":"https:\/\/www.longlaville.fr\/?page_id=40","title":{"rendered":"March\u00e9s Publics\u2028"},"content":{"rendered":"<p>[et_pb_section fb_built=&#8221;1&#8243; _builder_version=&#8221;4.18.0&#8243; _module_preset=&#8221;default&#8221; custom_padding=&#8221;150px|||||&#8221; global_colors_info=&#8221;{}&#8221;][et_pb_row _builder_version=&#8221;4.18.0&#8243; _module_preset=&#8221;default&#8221; custom_padding=&#8221;||0px|||&#8221; global_colors_info=&#8221;{}&#8221;][et_pb_column type=&#8221;4_4&#8243; _builder_version=&#8221;4.18.0&#8243; _module_preset=&#8221;default&#8221; global_colors_info=&#8221;{}&#8221;][et_pb_text _builder_version=&#8221;4.18.0&#8243; _module_preset=&#8221;default&#8221; custom_margin=&#8221;||0px||false|false&#8221; global_colors_info=&#8221;{}&#8221;]<\/p>\n<h1>March\u00e9s publics<\/h1>\n<p>[\/et_pb_text][et_pb_divider color=&#8221;#006D7B&#8221; divider_weight=&#8221;6px&#8221; _builder_version=&#8221;4.18.0&#8243; _module_preset=&#8221;default&#8221; custom_margin=&#8221;0px||||false|false&#8221; global_colors_info=&#8221;{}&#8221;][\/et_pb_divider][et_pb_text _builder_version=&#8221;4.19.0&#8243; _module_preset=&#8221;default&#8221; global_colors_info=&#8221;{}&#8221;]<\/p>\n<p><strong>Avec la plate-forme Xmarch\u00e9s, acc\u00e9dez simplement et rapidement aux consultations lanc\u00e9es par la ville de Longlaville.<\/strong><\/p>\n<p>Cette plateforme a \u00e9t\u00e9 cr\u00e9\u00e9e pour faciliter la r\u00e9ponse d\u00e9mat\u00e9rialis\u00e9e des entreprises en leur offrant un site\u00a0simple d&#8217;utilisation.<br \/><strong><\/strong><\/p>\n<p><strong>Consultables via ce lien\u00a0: <a href=\"https:\/\/www.xmarches.fr\/entreprise\/\">www.xmarches.fr<\/a><\/strong><\/p>\n<p><strong>\u00a0<\/strong><\/p>\n<hr \/>\n<p><strong><\/strong><\/p>\n<p>[\/et_pb_text][et_pb_text _builder_version=&#8221;4.19.0&#8243; _module_preset=&#8221;default&#8221; global_colors_info=&#8221;{}&#8221;]<\/p>\n<div class=\"et_pb_module et_pb_text et_pb_text_0  et_pb_text_align_left et_pb_bg_layout_light\">\n<div class=\"et_pb_text_inner\">\n<h1><span style=\"font-size: xx-large;\">Avis d\u2019appel public \u00e0 la concurrence<\/span><\/h1>\n<\/div>\n<\/div>\n<div class=\"et_pb_module et_pb_divider et_pb_divider_0 et_pb_divider_position_ et_pb_space\">\n<div class=\"et_pb_divider_internal\"><\/div>\n<\/div>\n<div class=\"et_pb_module et_pb_text et_pb_text_1  et_pb_text_align_left et_pb_bg_layout_light\">\n<div class=\"et_pb_text_inner\">\n<p><strong>March\u00e9 de travaux \u2013 SECURISATION DU MUR D\u2019ENCEINTE \u2013 AVENUE DE LONGWY<\/strong><\/p>\n<p><strong>Proc\u00e9dure disponible sur <a href=\"https:\/\/www.xmarches.fr\/entreprise\/\">www.xmarches.fr\/entreprise\/<\/a><\/strong><\/p>\n<\/div>\n<\/div>\n<p>&nbsp;<\/p>\n<p><strong><\/strong><\/p>\n<p>[\/et_pb_text][\/et_pb_column][\/et_pb_row][\/et_pb_section]<\/p>\n","protected":false},"excerpt":{"rendered":"<p>March\u00e9s publicsAvec la plate-forme Xmarch\u00e9s, acc\u00e9dez simplement et rapidement aux consultations lanc\u00e9es par la ville de Longlaville. Cette plateforme a \u00e9t\u00e9 cr\u00e9\u00e9e pour faciliter la r\u00e9ponse d\u00e9mat\u00e9rialis\u00e9e des entreprises en leur offrant un site\u00a0simple d&#8217;utilisation. Consultables via ce lien\u00a0: www.xmarches.fr \u00a0 Avis d\u2019appel public \u00e0 la concurrence March\u00e9 de travaux \u2013 SECURISATION DU MUR D\u2019ENCEINTE [&hellip;]<\/p>\n","protected":false},"author":2,"featured_media":0,"parent":35,"menu_order":0,"comment_status":"closed","ping_status":"closed","template":"","meta":{"_et_pb_use_builder":"on","_et_pb_old_content":"","_et_gb_content_width":"","footnotes":""},"class_list":["post-40","page","type-page","status-publish","hentry"],"_links":{"self":[{"href":"https:\/\/www.longlaville.fr\/index.php?rest_route=\/wp\/v2\/pages\/40","targetHints":{"allow":["GET"]}}],"collection":[{"href":"https:\/\/www.longlaville.fr\/index.php?rest_route=\/wp\/v2\/pages"}],"about":[{"href":"https:\/\/www.longlaville.fr\/index.php?rest_route=\/wp\/v2\/types\/page"}],"author":[{"embeddable":true,"href":"https:\/\/www.longlaville.fr\/index.php?rest_route=\/wp\/v2\/users\/2"}],"replies":[{"embeddable":true,"href":"https:\/\/www.longlaville.fr\/index.php?rest_route=%2Fwp%2Fv2%2Fcomments&post=40"}],"version-history":[{"count":10,"href":"https:\/\/www.longlaville.fr\/index.php?rest_route=\/wp\/v2\/pages\/40\/revisions"}],"predecessor-version":[{"id":614,"href":"https:\/\/www.longlaville.fr\/index.php?rest_route=\/wp\/v2\/pages\/40\/revisions\/614"}],"up":[{"embeddable":true,"href":"https:\/\/www.longlaville.fr\/index.php?rest_route=\/wp\/v2\/pages\/35"}],"wp:attachment":[{"href":"https:\/\/www.longlaville.fr\/index.php?rest_route=%2Fwp%2Fv2%2Fmedia&parent=40"}],"curies":[{"name":"wp","href":"https:\/\/api.w.org\/{rel}","templated":true}]}}