{"id":36,"date":"2022-10-12T09:33:55","date_gmt":"2022-10-12T07:33:55","guid":{"rendered":"http:\/\/longlaa.cluster030.hosting.ovh.net\/bf229748-ovh\/index.php\/mairie\/horaires-et-services\/"},"modified":"2025-07-08T10:26:31","modified_gmt":"2025-07-08T08:26:31","slug":"horaires-et-services","status":"publish","type":"page","link":"https:\/\/www.longlaville.fr\/?page_id=36","title":{"rendered":"Horaires et services\u2028"},"content":{"rendered":"<p>[et_pb_section fb_built=&#8221;1&#8243; _builder_version=&#8221;4.18.0&#8243; _module_preset=&#8221;default&#8221; custom_padding=&#8221;200px|||||&#8221; global_colors_info=&#8221;{}&#8221;][et_pb_row _builder_version=&#8221;4.18.0&#8243; _module_preset=&#8221;default&#8221; global_colors_info=&#8221;{}&#8221;][et_pb_column type=&#8221;4_4&#8243; _builder_version=&#8221;4.18.0&#8243; _module_preset=&#8221;default&#8221; global_colors_info=&#8221;{}&#8221;][et_pb_text _builder_version=&#8221;4.18.0&#8243; _module_preset=&#8221;default&#8221; custom_margin=&#8221;||0px||false|false&#8221; global_colors_info=&#8221;{}&#8221;]<\/p>\n<h1>H\u00f4tel de ville<\/h1>\n<p>[\/et_pb_text][et_pb_divider color=&#8221;#006D7B&#8221; divider_weight=&#8221;6px&#8221; _builder_version=&#8221;4.18.0&#8243; _module_preset=&#8221;default&#8221; custom_margin=&#8221;0px||||false|false&#8221; global_colors_info=&#8221;{}&#8221;][\/et_pb_divider][\/et_pb_column][\/et_pb_row][et_pb_row column_structure=&#8221;2_5,3_5&#8243; _builder_version=&#8221;4.18.0&#8243; _module_preset=&#8221;default&#8221; global_colors_info=&#8221;{}&#8221;][et_pb_column type=&#8221;2_5&#8243; _builder_version=&#8221;4.18.0&#8243; _module_preset=&#8221;default&#8221; global_colors_info=&#8221;{}&#8221;][et_pb_image src=&#8221;http:\/\/www.longlaville.fr\/wp-content\/uploads\/2023\/03\/hoteldeville.png&#8221; title_text=&#8221;hoteldeville&#8221; _builder_version=&#8221;4.19.0&#8243; _module_preset=&#8221;default&#8221; global_colors_info=&#8221;{}&#8221;][\/et_pb_image][\/et_pb_column][et_pb_column type=&#8221;3_5&#8243; _builder_version=&#8221;4.18.0&#8243; _module_preset=&#8221;default&#8221; global_colors_info=&#8221;{}&#8221;][et_pb_text _builder_version=&#8221;4.18.0&#8243; _module_preset=&#8221;default&#8221; global_colors_info=&#8221;{}&#8221;]<\/p>\n<h4><span style=\"color: #006d7b;\">Mairie<\/span><\/h4>\n<p><strong>Adresse : 18 place du 24 juillet 1897, 54810 Longlaville<\/strong><br \/><strong>T\u00e9l.\u00a0: 03 82 24 50 96<\/strong><\/p>\n<h4><span style=\"color: #006d7b;\">Horaires<\/span><\/h4>\n<p><strong>Du lundi au jeudi de 8h30 \u00e0 12h et de 14h \u00e0 17h30, vendredi de 8h30 \u00e0 12h et de 14h \u00e0 16h30. Ferm\u00e9 le samedi.<\/strong><\/p>\n<p>[\/et_pb_text][\/et_pb_column][\/et_pb_row][et_pb_row _builder_version=&#8221;4.18.0&#8243; _module_preset=&#8221;default&#8221; global_colors_info=&#8221;{}&#8221;][et_pb_column type=&#8221;4_4&#8243; _builder_version=&#8221;4.18.0&#8243; _module_preset=&#8221;default&#8221; global_colors_info=&#8221;{}&#8221;][et_pb_toggle title=&#8221;services&#8221; open=&#8221;on&#8221; closed_toggle_background_color=&#8221;rgba(0,109,123,0.1)&#8221; icon_color=&#8221;#006D7B&#8221; toggle_icon=&#8221;&#xe04c;||divi||400&#8243; open_icon_color=&#8221;#006D7B&#8221; open_toggle_icon=&#8221;&#xe04b;||divi||400&#8243; _builder_version=&#8221;4.19.0&#8243; _module_preset=&#8221;default&#8221; title_text_color=&#8221;#006D7B&#8221; title_level=&#8221;h4&#8243; title_font=&#8221;|||on|||||&#8221; border_width_all=&#8221;0px&#8221; border_color_all=&#8221;RGBA(255,255,255,0)&#8221; global_colors_info=&#8221;{}&#8221;]<\/p>\n<p><strong>Services administratifs\u00a0:<\/strong> 18 place du 24 juillet 1897, 54810 Longlaville<\/p>\n<p><strong>Services Techniques\u00a0:<\/strong> 15 avenue Bogdan Politanski, 54810 Longlaville<\/p>\n<p><strong>Service Enfance\u00a0:<\/strong> Maison de l\u2019Enfance Chantal FABBRI, 6 rue du 8 mai 1945, T\u00e9l. : 03 82 24 14 33 \/ <strong><a href=\"https:\/\/www.facebook.com\/maisondelenfance.fabbri\">Facebook\u00a0<\/a><\/strong><\/p>\n<p><strong>Service Jeunesse\u00a0:<\/strong> 6 Rue Jean Jaur\u00e8s, 54810 Longlaville, T\u00e9l. : 03 82 39 06 69 \/ <strong><a href=\"https:\/\/www.facebook.com\/espace.jeunesse.399\">Facebook<\/a><br \/><\/strong><\/p>\n<p><strong>Centre Communal d\u2019Action Sociale\u00a0: <\/strong>18 place du 24 juillet 1897, 54810 Longlaville<\/p>\n<p><em><span style=\"color: #bb1818;\"><strong><\/strong><\/span><\/em><\/p>\n<p>[\/et_pb_toggle][et_pb_text _builder_version=&#8221;4.19.0&#8243; _module_preset=&#8221;default&#8221; global_colors_info=&#8221;{}&#8221;]<\/p>\n<h4><span style=\"color: #006d7b;\">Centre Communal d\u2019Action Sociale<\/span><\/h4>\n<p><strong>Qu&#8217;il s&#8217;agisse d&#8217;acc\u00e8s aux droits, d&#8217;accompagnement social, d&#8217;aides permettant de faire face \u00e0 des probl\u00e8mes ponctuels ou plus durables, la Ville de Longlaville se mobilise pour que la solidarit\u00e9 ne soit pas un vain mot.<\/strong><\/p>\n<p>Situ\u00e9 au rez-de-chauss\u00e9e de l&#8217;h\u00f4tel de ville, le Centre Communal d&#8217;Action Sociale (CCAS) a en charge d&#8217;\u00e9tudier la plupart des demandes d&#8217;aide sociale des longlavillois (ses), qu&#8217;il s&#8217;agisse d&#8217;aides l\u00e9gales ou d&#8217;aides facultatives.<\/p>\n<p><span style=\"text-decoration: underline;\"><strong>Des permanences sont mises en place, sur RDV.<\/strong><\/span><\/p>\n<p><strong>Centre communal d\u2019action sociale (CCAS)<\/strong><br \/>H\u00f4tel de ville<br \/>18, place du 24 juillet 1897<br \/>54810 LONGLAVILLE<br \/>T\u00e9l\u00e9phone : 03 82 24 50 96<\/p>\n<p>&nbsp;<\/p>\n<p>[\/et_pb_text][\/et_pb_column][\/et_pb_row][\/et_pb_section]<\/p>\n","protected":false},"excerpt":{"rendered":"<p>H\u00f4tel de villeMairie Adresse : 18 place du 24 juillet 1897, 54810 LonglavilleT\u00e9l.\u00a0: 03 82 24 50 96 Horaires Du lundi au jeudi de 8h30 \u00e0 12h et de 14h \u00e0 17h30, vendredi de 8h30 \u00e0 12h et de 14h \u00e0 16h30. Ferm\u00e9 le samedi.Services administratifs\u00a0: 18 place du 24 juillet 1897, 54810 Longlaville Services [&hellip;]<\/p>\n","protected":false},"author":2,"featured_media":0,"parent":35,"menu_order":0,"comment_status":"closed","ping_status":"closed","template":"","meta":{"_et_pb_use_builder":"on","_et_pb_old_content":"","_et_gb_content_width":"","footnotes":""},"class_list":["post-36","page","type-page","status-publish","hentry"],"_links":{"self":[{"href":"https:\/\/www.longlaville.fr\/index.php?rest_route=\/wp\/v2\/pages\/36","targetHints":{"allow":["GET"]}}],"collection":[{"href":"https:\/\/www.longlaville.fr\/index.php?rest_route=\/wp\/v2\/pages"}],"about":[{"href":"https:\/\/www.longlaville.fr\/index.php?rest_route=\/wp\/v2\/types\/page"}],"author":[{"embeddable":true,"href":"https:\/\/www.longlaville.fr\/index.php?rest_route=\/wp\/v2\/users\/2"}],"replies":[{"embeddable":true,"href":"https:\/\/www.longlaville.fr\/index.php?rest_route=%2Fwp%2Fv2%2Fcomments&post=36"}],"version-history":[{"count":8,"href":"https:\/\/www.longlaville.fr\/index.php?rest_route=\/wp\/v2\/pages\/36\/revisions"}],"predecessor-version":[{"id":986,"href":"https:\/\/www.longlaville.fr\/index.php?rest_route=\/wp\/v2\/pages\/36\/revisions\/986"}],"up":[{"embeddable":true,"href":"https:\/\/www.longlaville.fr\/index.php?rest_route=\/wp\/v2\/pages\/35"}],"wp:attachment":[{"href":"https:\/\/www.longlaville.fr\/index.php?rest_route=%2Fwp%2Fv2%2Fmedia&parent=36"}],"curies":[{"name":"wp","href":"https:\/\/api.w.org\/{rel}","templated":true}]}}