{"id":354,"date":"2023-03-14T10:20:51","date_gmt":"2023-03-14T09:20:51","guid":{"rendered":"http:\/\/www.longlaville.fr\/?page_id=354"},"modified":"2023-03-23T11:48:16","modified_gmt":"2023-03-23T10:48:16","slug":"ville-de-culture","status":"publish","type":"page","link":"https:\/\/www.longlaville.fr\/?page_id=354","title":{"rendered":"Ville de culture"},"content":{"rendered":"<p>[et_pb_section fb_built=&#8221;1&#8243; _builder_version=&#8221;4.18.0&#8243; _module_preset=&#8221;default&#8221; custom_padding=&#8221;150px|||||&#8221; global_colors_info=&#8221;{}&#8221;][et_pb_row _builder_version=&#8221;4.18.0&#8243; _module_preset=&#8221;default&#8221; global_colors_info=&#8221;{}&#8221;][et_pb_column type=&#8221;4_4&#8243; _builder_version=&#8221;4.18.0&#8243; _module_preset=&#8221;default&#8221; global_colors_info=&#8221;{}&#8221;][et_pb_text _builder_version=&#8221;4.18.0&#8243; _module_preset=&#8221;default&#8221; custom_margin=&#8221;||0px||false|false&#8221; global_colors_info=&#8221;{}&#8221;]<\/p>\n<h1>Ville de culture<\/h1>\n<p>[\/et_pb_text][et_pb_divider color=&#8221;#006D7B&#8221; divider_weight=&#8221;6px&#8221; _builder_version=&#8221;4.18.0&#8243; _module_preset=&#8221;default&#8221; custom_margin=&#8221;0px||||false|false&#8221; global_colors_info=&#8221;{}&#8221;][\/et_pb_divider][et_pb_image src=&#8221;http:\/\/www.longlaville.fr\/wp-content\/uploads\/2023\/03\/espacejeanferrat.png&#8221; title_text=&#8221;espacejeanferrat&#8221; force_fullwidth=&#8221;on&#8221; _builder_version=&#8221;4.19.0&#8243; _module_preset=&#8221;default&#8221; global_colors_info=&#8221;{}&#8221;][\/et_pb_image][et_pb_text _builder_version=&#8221;4.19.0&#8243; _module_preset=&#8221;default&#8221; global_colors_info=&#8221;{}&#8221;]<\/p>\n<h3>Espace<strong> culturel jean ferrat<br \/><\/strong><\/h3>\n<p><strong>Longlaville a sur son territoire l\u2019Espace Culturel Jean FERRAT\u00a0dont la r\u00e9putation rayonne dans tout le d\u00e9partement.<\/strong><br \/><strong>L&#8217;Espace Culturel Jean Ferrat, comprend :<\/strong> <br \/>&#8211; une salle de spectacle, <br \/>&#8211; une galerie d\u2019exposition de 100 m\u00b2.<\/p>\n<p><strong>Il est divis\u00e9 en deux entit\u00e9s communicantes :<\/strong> <br \/>&#8211; l\u2019espace salle de spectacle et bar\/billetterie,<br \/>&#8211; l\u2019espace galerie d\u2019exposition, loges, administration\/foyer des artistes.<\/p>\n<p><strong>La salle de spectacle est modulable pouvant accueillir :<\/strong> <br \/>&#8211; 800 personnes debout (gradin repli\u00e9) <br \/>&#8211; 180 personnes assises (gradin d\u00e9ploy\u00e9) <br \/>L\u2019acc\u00e8s \u00e0 la salle se fait par un sas d\u2019entr\u00e9e disposant d\u2019une fen\u00eatre billetterie. Cet espace billetterie est \u00e9galement accessible \u00e0 l\u2019int\u00e9rieur. Il se partage avec le vestiaire. <br \/>Un grand bar permet de cr\u00e9er un endroit sympathique et chaleureux.<\/p>\n<p><strong>La galerie d\u2019exposition :<\/strong><\/p>\n<p>La galerie d\u2019exposition dispose d\u2019une superficie de 100 m\u00b2. Elle est enti\u00e8rement \u00e9quip\u00e9e d\u2019un syst\u00e8me d\u2019accroche pour les \u0153uvres. Des box en bois sur roulettes permettent de moduler l\u2019espace d\u2019exposition et de l\u2019investir de multiples mani\u00e8res.<\/p>\n<p><strong>Les loges, le foyer des artistes \/ l\u2019administration :<\/strong><\/p>\n<p>L\u2019Espace Culturel Jean Ferrat met \u00e0 disposition des artistes une vraie qualit\u00e9 d\u2019accueil avec 3 loges : <br \/>&#8211; une loge de 16 m\u00b2 au rez-de-chauss\u00e9e \u00e0 c\u00f4t\u00e9 de l\u2019acc\u00e8s sc\u00e8ne, notamment am\u00e9nag\u00e9e pour l\u2019accueil de personnes \u00e0 mobilit\u00e9 r\u00e9duite avec une pi\u00e8ce-douche con\u00e7ue pour les personnes handicap\u00e9es <br \/>&#8211; \u00e0 l\u2019\u00e9tage, deux loges de 14 m\u00b2 chacune avec une douche et toilettes au m\u00eame niveau. <br \/>Toutes les loges sont \u00e9quip\u00e9es d\u2019un frigo, d\u2019un canap\u00e9, de chaises et meubles d\u2019appoints, de lavabos, d\u2019un grand miroir et d\u2019un \u00e9clairage adapt\u00e9. Le chauffage peut \u00eatre r\u00e9gl\u00e9 par les artistes en fonction de leur souhait. <br \/>A l\u2019\u00e9tage se trouve aussi un espace administration ouvert qui sert \u00e9galement de foyer des artistes et de lieu de repas. Il est \u00e9quip\u00e9 d\u2019une kitchenette permettant de faire r\u00e9chauffer des plats ou de faire la cuisine pour des quantit\u00e9s mod\u00e9r\u00e9es. <br \/>L\u2019administration\/foyer donne en mezzanine sur la galerie d\u2019exposition et permet de la rejoindre par un escalier.<\/p>\n<p>Devant le b\u00e2timent, se trouve une grande esplanade. A c\u00f4t\u00e9 se situe \u00e9galement un th\u00e9\u00e2tre de verdure ainsi qu\u2019un espace sc\u00e9nique en b\u00e9ton de superficie importante.<\/p>\n<p><a href=\"https:\/\/espacejeanferrat.fr\/\"><strong>Site internet<\/strong><\/a><strong><\/strong><strong><\/strong><\/p>\n<p>[\/et_pb_text][\/et_pb_column][\/et_pb_row][et_pb_row _builder_version=&#8221;4.18.0&#8243; _module_preset=&#8221;default&#8221; global_colors_info=&#8221;{}&#8221;][et_pb_column type=&#8221;4_4&#8243; _builder_version=&#8221;4.18.0&#8243; _module_preset=&#8221;default&#8221; global_colors_info=&#8221;{}&#8221;][et_pb_divider color=&#8221;#006D7B&#8221; divider_weight=&#8221;6px&#8221; _builder_version=&#8221;4.18.0&#8243; _module_preset=&#8221;default&#8221; custom_margin=&#8221;0px||||false|false&#8221; global_colors_info=&#8221;{}&#8221;][\/et_pb_divider][\/et_pb_column][\/et_pb_row][et_pb_row column_structure=&#8221;1_2,1_2&#8243; _builder_version=&#8221;4.18.0&#8243; _module_preset=&#8221;default&#8221; global_colors_info=&#8221;{}&#8221;][et_pb_column type=&#8221;1_2&#8243; _builder_version=&#8221;4.18.0&#8243; _module_preset=&#8221;default&#8221; global_colors_info=&#8221;{}&#8221;][et_pb_image src=&#8221;http:\/\/www.longlaville.fr\/wp-content\/uploads\/2023\/03\/Planfresques.png&#8221; title_text=&#8221;Planfresques&#8221; force_fullwidth=&#8221;on&#8221; _builder_version=&#8221;4.19.0&#8243; _module_preset=&#8221;default&#8221; global_colors_info=&#8221;{}&#8221;][\/et_pb_image][\/et_pb_column][et_pb_column type=&#8221;1_2&#8243; _builder_version=&#8221;4.18.0&#8243; _module_preset=&#8221;default&#8221; global_colors_info=&#8221;{}&#8221;][et_pb_text _builder_version=&#8221;4.20.2&#8243; _module_preset=&#8221;default&#8221; hover_enabled=&#8221;0&#8243; global_colors_info=&#8221;{}&#8221; sticky_enabled=&#8221;0&#8243;]<\/p>\n<h3>Fresques urbaines<strong><br \/><\/strong><\/h3>\n<p><strong>La ville de Longlaville a accueilli 2 \u00e9ditions du festival de Graffiti baptis\u00e9 &#8220;Longartstreet&#8221; en 2021 et 2022. 14 fresques repr\u00e9sentant aujourd\u2019hui l\u2019esprit artistique de chaque graffeur (euse) embellissent les fa\u00e7ades des habitants de la ville mais aussi quelques murs appartenant \u00e0 la municipalit\u00e9.<\/strong><\/p>\n<p>Venez d\u00e9couvrir ces \u0153uvres gigantesques, toutes plus belles les unes que les autres, \u00e0 travers une ballade artistique et color\u00e9e dans les rues de Longlaville\u00a0!<\/p>\n<p><strong><img loading=\"lazy\" decoding=\"async\" src=\"http:\/\/www.longlaville.fr\/wp-content\/uploads\/2022\/10\/LONGARTSTREET-2021-150x150.png\" alt=\"\" class=\"wp-image-150 alignnone size-thumbnail\" width=\"150\" height=\"150\" \/><\/strong><\/p>\n<p><strong><a href=\"http:\/\/www.longlaville.fr\/wp-content\/uploads\/2023\/03\/LONGARTSTREET-2021.pdf\">T\u00e9l\u00e9charger le livret 2021<\/a><\/strong><\/p>\n<p><img loading=\"lazy\" decoding=\"async\" src=\"http:\/\/www.longlaville.fr\/wp-content\/uploads\/2022\/10\/LONGARTSTREET-2022-150x150.png\" alt=\"\" class=\"wp-image-151 alignnone size-thumbnail\" width=\"150\" height=\"150\" \/><\/p>\n<p><strong><a href=\"http:\/\/www.longlaville.fr\/wp-content\/uploads\/2023\/03\/LONGARTSTREET-2022.pdf\">T\u00e9l\u00e9charger le livret 2022<\/a><\/strong><\/p>\n<p>&nbsp;<\/p>\n<p>&nbsp;<\/p>\n<p><strong><br \/><\/strong><strong><\/strong><\/p>\n<p>[\/et_pb_text][\/et_pb_column][\/et_pb_row][\/et_pb_section]<\/p>\n","protected":false},"excerpt":{"rendered":"<p>Ville de cultureEspace culturel jean ferrat Longlaville a sur son territoire l\u2019Espace Culturel Jean FERRAT\u00a0dont la r\u00e9putation rayonne dans tout le d\u00e9partement.L&#8217;Espace Culturel Jean Ferrat, comprend : &#8211; une salle de spectacle, &#8211; une galerie d\u2019exposition de 100 m\u00b2. Il est divis\u00e9 en deux entit\u00e9s communicantes : &#8211; l\u2019espace salle de spectacle et bar\/billetterie,- l\u2019espace [&hellip;]<\/p>\n","protected":false},"author":2,"featured_media":0,"parent":0,"menu_order":0,"comment_status":"closed","ping_status":"closed","template":"","meta":{"_et_pb_use_builder":"on","_et_pb_old_content":"<!-- wp:divi\/placeholder \/-->","_et_gb_content_width":"","footnotes":""},"class_list":["post-354","page","type-page","status-publish","hentry"],"_links":{"self":[{"href":"https:\/\/www.longlaville.fr\/index.php?rest_route=\/wp\/v2\/pages\/354","targetHints":{"allow":["GET"]}}],"collection":[{"href":"https:\/\/www.longlaville.fr\/index.php?rest_route=\/wp\/v2\/pages"}],"about":[{"href":"https:\/\/www.longlaville.fr\/index.php?rest_route=\/wp\/v2\/types\/page"}],"author":[{"embeddable":true,"href":"https:\/\/www.longlaville.fr\/index.php?rest_route=\/wp\/v2\/users\/2"}],"replies":[{"embeddable":true,"href":"https:\/\/www.longlaville.fr\/index.php?rest_route=%2Fwp%2Fv2%2Fcomments&post=354"}],"version-history":[{"count":8,"href":"https:\/\/www.longlaville.fr\/index.php?rest_route=\/wp\/v2\/pages\/354\/revisions"}],"predecessor-version":[{"id":557,"href":"https:\/\/www.longlaville.fr\/index.php?rest_route=\/wp\/v2\/pages\/354\/revisions\/557"}],"wp:attachment":[{"href":"https:\/\/www.longlaville.fr\/index.php?rest_route=%2Fwp%2Fv2%2Fmedia&parent=354"}],"curies":[{"name":"wp","href":"https:\/\/api.w.org\/{rel}","templated":true}]}}