{"id":349,"date":"2023-03-14T10:18:02","date_gmt":"2023-03-14T09:18:02","guid":{"rendered":"http:\/\/www.longlaville.fr\/?page_id=349"},"modified":"2023-04-03T09:50:44","modified_gmt":"2023-04-03T07:50:44","slug":"commerces-et-entreprises","status":"publish","type":"page","link":"https:\/\/www.longlaville.fr\/?page_id=349","title":{"rendered":"Commerces et entreprises"},"content":{"rendered":"<p>[et_pb_section fb_built=&#8221;1&#8243; _builder_version=&#8221;4.18.0&#8243; _module_preset=&#8221;default&#8221; custom_padding=&#8221;150px|||||&#8221; global_colors_info=&#8221;{}&#8221;][et_pb_row _builder_version=&#8221;4.18.0&#8243; _module_preset=&#8221;default&#8221; global_colors_info=&#8221;{}&#8221;][et_pb_column type=&#8221;4_4&#8243; _builder_version=&#8221;4.18.0&#8243; _module_preset=&#8221;default&#8221; global_colors_info=&#8221;{}&#8221;][et_pb_text _builder_version=&#8221;4.18.0&#8243; _module_preset=&#8221;default&#8221; custom_margin=&#8221;||0px||false|false&#8221; global_colors_info=&#8221;{}&#8221;]<\/p>\n<h1>Commerces et entreprises<\/h1>\n<p>[\/et_pb_text][et_pb_divider color=&#8221;#006D7B&#8221; divider_weight=&#8221;6px&#8221; _builder_version=&#8221;4.18.0&#8243; _module_preset=&#8221;default&#8221; custom_margin=&#8221;0px||||false|false&#8221; global_colors_info=&#8221;{}&#8221;][\/et_pb_divider][et_pb_text _builder_version=&#8221;4.19.0&#8243; _module_preset=&#8221;default&#8221; global_colors_info=&#8221;{}&#8221;]<\/p>\n<hr \/>\n<h4>Banque et Assurances<\/h4>\n<p><strong>AXA Assurance et Banque Patrick CIGADA<\/strong><br \/>12 Rue Jeanne d&#8217;Arc &#8211; 54810 LONGLAVILLE<br \/>du lundi au vendredi : 09:00\u201312:00\/14:00\u201318:00<br \/>samedi : 09:00\u201312:00<br \/>\u2706 03 82 24 73 22<br \/>\u2709 <a href=\"http:\/\/www.axa.fr\">www.axa.fr<\/a><\/p>\n<p><strong>Cr\u00e9dit Mutuel<\/strong><br \/>85 avenue Bogdan Politanski &#8211; 54810 LONGLAVILLE<br \/>mardi et mercredi : 09:00-12:00\/13:30-17:30<br \/>jeudi : 10:00-12:00\/13:30-17:30<br \/>samedi : 09:00-12h30<br \/>\u2706 03 82 39 93 60<br \/>\u2709 <a href=\"http:\/\/www.creditmutuel.fr\">www.creditmutuel.fr<\/a><\/p>\n<p><strong>Gan Assurances Longwy Vauban<\/strong><br \/>Rondpoint central P\u00f4le Europ\u00e9en de D\u00e9veloppement &#8211; 54810 LONGLAVILLE<br \/>du lundi au vendredi : 08:15-12:00\/14:00-18:00<br \/>\u2706 03 82 23 77 65<br \/>\u2709 <a href=\"http:\/\/www.agence.gan.fr\/262-gan-assurances-longwy-vauban?utm_source=gmb\">www.agence.gan.fr<\/a><\/p>\n<hr \/>\n<h4>Vente pr\u00eat-\u00e0-porter<\/h4>\n<p><strong>Chaussures MARTIN<\/strong><br \/>9 Rue des Victimes du Nazisme &#8211; 54810 LONGLAVILLE<br \/>du lundi au samedi : 09:00-12:00\/14:00-19:00<br \/>\u2706 03 82 24 42 97<\/p>\n<p><strong>Boutique de lingerie \u2013 ANGELONI<\/strong><br \/>11 Rue des Victimes du Nazisme &#8211; 54810 LONGLAVILLE<br \/>du mardi au samedi : 10:00-12:00\/15:00-19:00<br \/>\u2706 03 82 23 63 97<\/p>\n<hr \/>\n<h4>Travaux R\u00e9novation<\/h4>\n<p><strong>EMJ &#8211; ESPACE MOTOS ET JARDINS<\/strong><br \/>1 bis avenue du Luxembourg &#8211; 54810 LONGLAVILLE<br \/>du mardi au samedi : 09:00-12:00\/14:00-18:00<br \/>\u2706 03 82 39 04 84<br \/>\u2709 <a href=\"http:\/\/www.emj54.fr\">www.emj54.fr<\/a><\/p>\n<p><strong>SAS Joel Mariotti \/ Cuisines Premier Plan Longlaville<\/strong><br \/>2 bis avenue du Luxembourg &#8211; 54810 LONGLAVILLE<br \/>du lundi au vendredi : 08:00-12:00\/14:00-19:00<br \/>samedi : 09:00-12:00\/14:00-17:00<br \/>\u2706 03 82 24 33 59<br \/>\u2709 <a href=\"http:\/\/www.joel-mariotti.fr\">www.joel-mariotti.fr<\/a><\/p>\n<p><strong>Toitures Parentelli SARL<\/strong><br \/>1 bis avenue du Luxembourg &#8211; 54810 LONGLAVILLE<br \/>du lundi au vendredi : 08:00-18:00<br \/>\u2706 03 82 23 67 29<br \/>\u2709 <a href=\"http:\/\/www.parentelli.com\">www.parentelli.com<\/a><\/p>\n<p><strong>SMT Peinture<\/strong><br \/>2 Av de l&#8217;Europe &#8211; 54810 LONGLAVILLE<br \/>\u2706 03 82 39 07 71<\/p>\n<p><strong>Quinto MARIOTTI<\/strong><br \/>9 avenue Bogdan Politanski &#8211; 54810 LONGLAVILLE<br \/>du lundi au vendredi : 09:00-12:00\/14:00-19:00<br \/>samedi : 09:00-12:00\/14:00 -16:00<br \/>\u2706 03 82 24 36 77<\/p>\n<p><strong>3 F Etanch\u00e9it\u00e9<\/strong><br \/>18 avenue Bogdan Politanski &#8211; 54810 LONGLAVILLE<br \/>du lundi au vendredi : 08:00-17:30<br \/>\u2706 03 55 05 32 53<br \/>\u2709 <a href=\"http:\/\/www.3f-etancheite.fr\">www.3f-etancheite.fr<\/a><\/p>\n<hr \/>\n<h4>Esth\u00e9tique Coiffure<\/h4>\n<p><strong>CRYOSTHETIQUE<\/strong><br \/>6 Av. du Luxembourg &#8211; 54810 LONGLAVILLE<br \/>du lundi au samedi : 08:00-12:00\/14:00-18:00<br \/>\u2706 06 20 55 25 90<\/p>\n<p><strong>Longlaville Barbershop<\/strong><br \/>103 avenue Bogdan Politanski &#8211; 54810 LONGLAVILLE<br \/>du mardi au jeudi : 09:00-12:00\/14:00-18:00<br \/>vendredi : 09:00-12:00\/15:00-20:00<br \/>samedi : 09:00-18:00<br \/>\u2709 <a href=\"http:\/\/www.planity.com\/barber-shop-longlaville-54810\">www.planity.com\/barber-shop-longlaville-54810<\/a><\/p>\n<p><strong>AZ Coiffure<\/strong><br \/>87 avenue Bogdan Politanski &#8211; 54810 LONGLAVILLE<br \/>du lundi au vendredi : 08:00-12:00\/13:30-18:00<br \/>\u2706 03 82 24 27 73<\/p>\n<hr \/>\n<h4>Restauration Bar<\/h4>\n<p><strong>Maison Vuillemard Boulangerie P\u00e2tisserie Artisanale<\/strong><br \/>89 avenue Bogdan Politanski &#8211; 54810 LONGLAVILLE<br \/>du mardi au samedi : 05:00-19:00<br \/>dimanche : 05:00-18:00<br \/>\u2706 03 82 24 33 52<\/p>\n<p><strong>Bodrum Kebab<\/strong><br \/>93 avenue Bogdan Politanski &#8211; 54810 LONGLAVILLE<br \/>du mardi au samedi : 11:00-14:00\/17:00-23:00<br \/>dimanche : 12:00-15:00\/17:00-23:00<br \/>\u2706 09 72 82 96 72<\/p>\n<p><strong>Restaurant Adriatica<\/strong><br \/>20 Av. du Luxembourg &#8211; 54810 LONGLAVILLE<br \/>du mardi au samedi : 11:45-14:00\/18:45-22:00<br \/>\u2706 03 82 25 58 51<\/p>\n<p><strong>Boulangerie Ange<\/strong><br \/>Avenue du Luxembourg &#8211; 54810 LONGLAVILLE<br \/>du lundi au samedi : 05:00-20:00<br \/>\u2706 03 82 39 02 07<br \/>\u2709 <a href=\"http:\/\/www.boulangerie-ange.fr\">www.boulangerie-ange.fr<\/a><\/p>\n<p><strong>O Bom Tempero Caf\u00e9 \/ Restaurant<\/strong><br \/>8 avenue du Luxembourg &#8211; 54810 LONGLAVILLE<br \/>du mardi au vendredi : 06:00-22:00<br \/>samedi : 08:00-02:00<br \/>dimanche : 09:00-14:00<br \/>\u2706 09 53 06 36 78<\/p>\n<p><strong>H\u00f4tel Bar D&#8217;Alsace<\/strong><br \/>41 Rue des Victimes du Nazisme &#8211; 54810 LONGLAVILLE<br \/>du lundi au dimanche : 14:00-17:00<br \/>\u2706 03 82 24 33 72<\/p>\n<hr \/>\n<h4>Fleuriste<\/h4>\n<p><strong>Com&#8217; une fleur<\/strong><br \/>8 avenue du Luxembourg &#8211; 54810 LONGLAVILLE<br \/>du lundi au samedi : 08:30-9:30<br \/>dimanche : 09:00-18:00<br \/>\u2706 03 82 89 74 15<\/p>\n<hr \/>\n<h4>Industrie<\/h4>\n<p><strong>Glanzstoff<\/strong><br \/>P\u00f4le Europ\u00e9en de D\u00e9veloppement, 9087 Rue Ernest Hemingway &#8211; 54810 LONGLAVILLE<br \/>\u2706 03 82 44 80 00<br \/>\u2709 <a href=\"http:\/\/www.mobility.indoramaventures.com\">www.mobility.indoramaventures.com<\/a><\/p>\n<p>&nbsp;<\/p>\n<p>[\/et_pb_text][\/et_pb_column][\/et_pb_row][\/et_pb_section]<\/p>\n","protected":false},"excerpt":{"rendered":"<p>Commerces et entreprises Banque et Assurances AXA Assurance et Banque Patrick CIGADA12 Rue Jeanne d&#8217;Arc &#8211; 54810 LONGLAVILLEdu lundi au vendredi : 09:00\u201312:00\/14:00\u201318:00samedi : 09:00\u201312:00\u2706 03 82 24 73 22\u2709 www.axa.fr Cr\u00e9dit Mutuel85 avenue Bogdan Politanski &#8211; 54810 LONGLAVILLEmardi et mercredi : 09:00-12:00\/13:30-17:30jeudi : 10:00-12:00\/13:30-17:30samedi : 09:00-12h30\u2706 03 82 39 93 60\u2709 www.creditmutuel.fr Gan Assurances [&hellip;]<\/p>\n","protected":false},"author":2,"featured_media":0,"parent":0,"menu_order":0,"comment_status":"closed","ping_status":"closed","template":"","meta":{"_et_pb_use_builder":"on","_et_pb_old_content":"<!-- wp:divi\/placeholder \/-->","_et_gb_content_width":"","footnotes":""},"class_list":["post-349","page","type-page","status-publish","hentry"],"_links":{"self":[{"href":"https:\/\/www.longlaville.fr\/index.php?rest_route=\/wp\/v2\/pages\/349","targetHints":{"allow":["GET"]}}],"collection":[{"href":"https:\/\/www.longlaville.fr\/index.php?rest_route=\/wp\/v2\/pages"}],"about":[{"href":"https:\/\/www.longlaville.fr\/index.php?rest_route=\/wp\/v2\/types\/page"}],"author":[{"embeddable":true,"href":"https:\/\/www.longlaville.fr\/index.php?rest_route=\/wp\/v2\/users\/2"}],"replies":[{"embeddable":true,"href":"https:\/\/www.longlaville.fr\/index.php?rest_route=%2Fwp%2Fv2%2Fcomments&post=349"}],"version-history":[{"count":7,"href":"https:\/\/www.longlaville.fr\/index.php?rest_route=\/wp\/v2\/pages\/349\/revisions"}],"predecessor-version":[{"id":577,"href":"https:\/\/www.longlaville.fr\/index.php?rest_route=\/wp\/v2\/pages\/349\/revisions\/577"}],"wp:attachment":[{"href":"https:\/\/www.longlaville.fr\/index.php?rest_route=%2Fwp%2Fv2%2Fmedia&parent=349"}],"curies":[{"name":"wp","href":"https:\/\/api.w.org\/{rel}","templated":true}]}}