{"id":339,"date":"2023-03-14T10:11:42","date_gmt":"2023-03-14T09:11:42","guid":{"rendered":"http:\/\/www.longlaville.fr\/?page_id=339"},"modified":"2023-03-20T09:51:43","modified_gmt":"2023-03-20T08:51:43","slug":"citoyennete","status":"publish","type":"page","link":"https:\/\/www.longlaville.fr\/?page_id=339","title":{"rendered":"Citoyennet\u00e9"},"content":{"rendered":"<p>[et_pb_section fb_built=&#8221;1&#8243; _builder_version=&#8221;4.18.0&#8243; _module_preset=&#8221;default&#8221; custom_padding=&#8221;150px|||||&#8221; global_colors_info=&#8221;{}&#8221;][et_pb_row _builder_version=&#8221;4.18.0&#8243; _module_preset=&#8221;default&#8221; global_colors_info=&#8221;{}&#8221;][et_pb_column type=&#8221;4_4&#8243; _builder_version=&#8221;4.18.0&#8243; _module_preset=&#8221;default&#8221; global_colors_info=&#8221;{}&#8221;][et_pb_text _builder_version=&#8221;4.18.0&#8243; _module_preset=&#8221;default&#8221; custom_margin=&#8221;||0px||false|false&#8221; global_colors_info=&#8221;{}&#8221;]<\/p>\n<h1>Citoyennet\u00e9<\/h1>\n<p>[\/et_pb_text][et_pb_divider color=&#8221;#006D7B&#8221; divider_weight=&#8221;6px&#8221; _builder_version=&#8221;4.18.0&#8243; _module_preset=&#8221;default&#8221; custom_margin=&#8221;0px||||false|false&#8221; global_colors_info=&#8221;{}&#8221;][\/et_pb_divider][\/et_pb_column][\/et_pb_row][et_pb_row _builder_version=&#8221;4.18.0&#8243; _module_preset=&#8221;default&#8221; global_colors_info=&#8221;{}&#8221;][et_pb_column type=&#8221;4_4&#8243; _builder_version=&#8221;4.18.0&#8243; _module_preset=&#8221;default&#8221; global_colors_info=&#8221;{}&#8221;][et_pb_text _builder_version=&#8221;4.18.0&#8243; _module_preset=&#8221;default&#8221; global_colors_info=&#8221;{}&#8221;]<\/p>\n<h4><span style=\"color: #006d7b;\">Le Conseil Citoyen et Participatif<\/span><\/h4>\n<p style=\"text-align: justify;\">Pour renforcer la dynamique participative et les instances de repr\u00e9sentations citoyennes existantes, l\u2019\u00e9quipe municipale avait inscrit dans son programme la cr\u00e9ation d\u2019un conseil citoyen et participatif dans une logique de co-construction avec les habitants. Ces instances doivent avant tout privil\u00e9gier la mobilisation et la participation des habitants et s\u2019adapter \u00e0 la r\u00e9alit\u00e9 locale.<\/p>\n<p style=\"text-align: justify;\">A Longlaville, les instances du conseil citoyen et participatif offrent la possibilit\u00e9 aux habitants de disposer d\u2019un v\u00e9ritable lieu d\u2019\u00e9change et de prise en compte de leur parole sur les sujets trait\u00e9s par la commune.<\/p>\n<p>[\/et_pb_text][et_pb_toggle title=&#8221;Membres par quartier&#8221; closed_toggle_background_color=&#8221;rgba(0,109,123,0.1)&#8221; icon_color=&#8221;#006D7B&#8221; toggle_icon=&#8221;&#xe04c;||divi||400&#8243; open_icon_color=&#8221;#006D7B&#8221; open_toggle_icon=&#8221;&#xe04b;||divi||400&#8243; _builder_version=&#8221;4.19.0&#8243; _module_preset=&#8221;default&#8221; title_text_color=&#8221;#006D7B&#8221; title_level=&#8221;h4&#8243; title_font=&#8221;|||on|||||&#8221; hover_enabled=&#8221;0&#8243; border_width_all=&#8221;0px&#8221; border_color_all=&#8221;RGBA(255,255,255,0)&#8221; global_colors_info=&#8221;{}&#8221; open=&#8221;on&#8221; sticky_enabled=&#8221;0&#8243;]<\/p>\n<p><strong>Quartier 1 : \u00a0Rue de l\u2019aviation &#8211; Avenue de Longwy &#8211; Avenue du Luxembourg &#8211; Rue du stade &#8211; Chemin de Saulnes &#8211; Chemin des Thermes &#8211; Rue du Col de la Terrasse.<\/strong><br \/>\u2022 Mme Liliane COLANTONIO<br \/>\u2022 Mme Nathalie LOPES<br \/>\u2022 M. Jacky GROSS<\/p>\n<p><strong>Quartier 2 : Rue des Fontenettes &#8211; Rue du Moulin &#8211; Rue San Giovanni in Marignano &#8211; Rue des Victimes du nazisme &#8211; Place du 24 juillet 1897 &#8211; Rue Ren\u00e9 Getti &#8211; Rue Jeanne d\u2019Arc<br \/><\/strong>\u2022 M. Jacques NICOLELLA<br \/>\u2022 M. Romain PETITCOLAS<br \/>\u2022 M. Noah SAADA<\/p>\n<p><strong>Quartier 3 : Rue Pasteur &#8211; Rue Sainte Barbe &#8211; Rue Ren\u00e9 Blenny &#8211; Rue du 8 mai 1945 &#8211; C\u00f4t\u00e9 pair de l\u2019avenue Bogdan Politanski (du 2 au 44)<br \/><\/strong>\u2022 Mme Sophie RAMUNNI<br \/>\u2022 Mme Erika ZICOLA<\/p>\n<p><strong>Quartier 4 : Rue Alfred M\u00e9zi\u00e8res &#8211; Rue Edouard Dreux &#8211; Rue de la Cokerie &#8211; Rue Saint Nicolas &#8211; Rue Saint Laurent &#8211; Rue du Luminar &#8211; C\u00f4t\u00e9 impair de l\u2019avenue Bogdan Politanski (du 1 au 147)<\/strong><br \/>\u2022 M. Akli GUERRACHE<\/p>\n<p><strong>Quartier 5 : Rue Jules Guesde &#8211; Rue Jean Jaur\u00e8s &#8211; Rue Guy M\u00f4quet &#8211; Rue Ren\u00e9 Picard &#8211; Rue du 11 novembre 1918<\/strong><br \/>\u2022 M. Samuel MAIANI<br \/>\u2022 Mme Jocelyne BORDES<\/p>\n<p><strong>Quartier 6\u00a0: Rue du 19 Mars 1962 \u2013 Rue des Fleurs \u2013 Rue Pablo Picasso \u2013 Avenue du Luxembourg<\/strong><br \/>\u2022 Mme Anne-Marie KRAEMER<br \/>\u2022 M. Sadek BENBELKHEIR<\/p>\n<p>[\/et_pb_toggle][\/et_pb_column][\/et_pb_row][\/et_pb_section]<\/p>\n","protected":false},"excerpt":{"rendered":"<p>Citoyennet\u00e9Le Conseil Citoyen et Participatif Pour renforcer la dynamique participative et les instances de repr\u00e9sentations citoyennes existantes, l\u2019\u00e9quipe municipale avait inscrit dans son programme la cr\u00e9ation d\u2019un conseil citoyen et participatif dans une logique de co-construction avec les habitants. Ces instances doivent avant tout privil\u00e9gier la mobilisation et la participation des habitants et s\u2019adapter \u00e0 [&hellip;]<\/p>\n","protected":false},"author":2,"featured_media":0,"parent":0,"menu_order":0,"comment_status":"closed","ping_status":"closed","template":"","meta":{"_et_pb_use_builder":"on","_et_pb_old_content":"<!-- wp:divi\/placeholder \/-->","_et_gb_content_width":"","footnotes":""},"class_list":["post-339","page","type-page","status-publish","hentry"],"_links":{"self":[{"href":"https:\/\/www.longlaville.fr\/index.php?rest_route=\/wp\/v2\/pages\/339","targetHints":{"allow":["GET"]}}],"collection":[{"href":"https:\/\/www.longlaville.fr\/index.php?rest_route=\/wp\/v2\/pages"}],"about":[{"href":"https:\/\/www.longlaville.fr\/index.php?rest_route=\/wp\/v2\/types\/page"}],"author":[{"embeddable":true,"href":"https:\/\/www.longlaville.fr\/index.php?rest_route=\/wp\/v2\/users\/2"}],"replies":[{"embeddable":true,"href":"https:\/\/www.longlaville.fr\/index.php?rest_route=%2Fwp%2Fv2%2Fcomments&post=339"}],"version-history":[{"count":5,"href":"https:\/\/www.longlaville.fr\/index.php?rest_route=\/wp\/v2\/pages\/339\/revisions"}],"predecessor-version":[{"id":504,"href":"https:\/\/www.longlaville.fr\/index.php?rest_route=\/wp\/v2\/pages\/339\/revisions\/504"}],"wp:attachment":[{"href":"https:\/\/www.longlaville.fr\/index.php?rest_route=%2Fwp%2Fv2%2Fmedia&parent=339"}],"curies":[{"name":"wp","href":"https:\/\/api.w.org\/{rel}","templated":true}]}}