{"id":31,"date":"2022-10-12T09:33:55","date_gmt":"2022-10-12T07:33:55","guid":{"rendered":"http:\/\/longlaa.cluster030.hosting.ovh.net\/bf229748-ovh\/index.php\/demarches\/elections\/"},"modified":"2023-03-16T10:10:14","modified_gmt":"2023-03-16T09:10:14","slug":"elections","status":"publish","type":"page","link":"https:\/\/www.longlaville.fr\/?page_id=31","title":{"rendered":"Elections\u2028"},"content":{"rendered":"<p>[et_pb_section fb_built=&#8221;1&#8243; _builder_version=&#8221;4.18.0&#8243; _module_preset=&#8221;default&#8221; custom_padding=&#8221;150px|||||&#8221; global_colors_info=&#8221;{}&#8221;][et_pb_row _builder_version=&#8221;4.18.0&#8243; _module_preset=&#8221;default&#8221; global_colors_info=&#8221;{}&#8221;][et_pb_column type=&#8221;4_4&#8243; _builder_version=&#8221;4.18.0&#8243; _module_preset=&#8221;default&#8221; global_colors_info=&#8221;{}&#8221;][et_pb_text _builder_version=&#8221;4.18.0&#8243; _module_preset=&#8221;default&#8221; custom_margin=&#8221;||0px||false|false&#8221; global_colors_info=&#8221;{}&#8221;]<\/p>\n<h1>Inscription sur les listes \u00e9lectorales<\/h1>\n<p>[\/et_pb_text][et_pb_divider color=&#8221;#006D7B&#8221; divider_weight=&#8221;6px&#8221; _builder_version=&#8221;4.18.0&#8243; _module_preset=&#8221;default&#8221; custom_margin=&#8221;0px||||false|false&#8221; global_colors_info=&#8221;{}&#8221;][\/et_pb_divider][et_pb_text _builder_version=&#8221;4.18.0&#8243; _module_preset=&#8221;default&#8221; global_colors_info=&#8221;{}&#8221;]<\/p>\n<p><strong>L\u2019inscription sur les listes \u00e9lectorales est un droit et un devoir.<\/strong><\/p>\n<p>Pour pouvoir s\u2019inscrire sur les listes \u00e9lectorales il faut remplir deux conditions :<\/p>\n<p>&#8211; \u00catre de nationalit\u00e9 fran\u00e7aise, avoir plus de 18 ans et jouir de ses droits civils et politiques,<br \/>&#8211; Justifier d\u2019une attache \u00e0 la commune :<br \/>&#8211; r\u00e9sider depuis 6 mois dans la commune,<br \/>&#8211; ou \u00eatre assujetti \u00e0 une r\u00e9sidence obligatoire dans la commune (en qualit\u00e9 de fonctionnaire public),<br \/>&#8211; ou figurer pour la 5\u00e8me fois sans interruption au r\u00f4le d\u2019une des contributions directes communales,<br \/>&#8211; ou \u00eatre rattach\u00e9 \u00e0 la commune en raison de situation personnelle.<\/p>\n<p><span style=\"color: #006d7b;\"><strong>Les demandes d\u2019inscription sont recevables toute l\u2019ann\u00e9e du 2 janvier au dernier jour ouvrable de d\u00e9cembre.<\/strong><\/span><\/p>\n<p>[\/et_pb_text][et_pb_toggle title=&#8221;Pi\u00e8ces \u00e0 fournir (original plus une photocopie recto\/verso)&#8221; closed_toggle_background_color=&#8221;rgba(0,109,123,0.1)&#8221; icon_color=&#8221;#006D7B&#8221; toggle_icon=&#8221;&#xe04c;||divi||400&#8243; open_icon_color=&#8221;#006D7B&#8221; open_toggle_icon=&#8221;&#xe04b;||divi||400&#8243; _builder_version=&#8221;4.18.0&#8243; _module_preset=&#8221;default&#8221; title_text_color=&#8221;#006D7B&#8221; title_level=&#8221;h4&#8243; title_font=&#8221;|||on|||||&#8221; border_width_all=&#8221;0px&#8221; border_color_all=&#8221;RGBA(255,255,255,0)&#8221; global_colors_info=&#8221;{}&#8221;]<\/p>\n<p>&#8211; Formulaire Cerfa n\u00b0 12669*01 \u00e0 remplir en Mairie, <strong><a href=\"http:\/\/www.longlaville.fr\/wp-content\/uploads\/2023\/03\/cerfa_12669_01.pdf\">\u00e0 t\u00e9l\u00e9charger<\/a><\/strong> <br \/>&#8211; Carte nationale d\u2019identit\u00e9 ou passeport fran\u00e7ais en cours de validit\u00e9,<br \/>&#8211; Justificatif de domicile datant de moins de 3 mois (quittance de loyer, facture d\u2019\u00e9lectricit\u00e9, d\u2019eau, de gaz ou de t\u00e9l\u00e9phone fixe comportant vos nom et pr\u00e9nom)<\/p>\n<p>[\/et_pb_toggle][et_pb_toggle title=&#8221;Cas particuliers&#8221; closed_toggle_background_color=&#8221;rgba(0,109,123,0.1)&#8221; icon_color=&#8221;#006D7B&#8221; toggle_icon=&#8221;&#xe04c;||divi||400&#8243; open_icon_color=&#8221;#006D7B&#8221; open_toggle_icon=&#8221;&#xe04b;||divi||400&#8243; _builder_version=&#8221;4.18.0&#8243; _module_preset=&#8221;default&#8221; title_text_color=&#8221;#006D7B&#8221; title_level=&#8221;h4&#8243; title_font=&#8221;|||on|||||&#8221; border_width_all=&#8221;0px&#8221; border_color_all=&#8221;RGBA(255,255,255,0)&#8221; global_colors_info=&#8221;{}&#8221;]<\/p>\n<p><span style=\"color: #006d7b;\"><strong><\/strong><\/span><\/p>\n<p>\u00a0&#8211; Pour une personne h\u00e9berg\u00e9e, fournir une photocopie recto\/verso de la pi\u00e8ce d\u2019identit\u00e9, un justificatif au nom de l\u2019h\u00e9bergeant ainsi qu\u2019une attestation sur l\u2019honneur de l\u2019h\u00e9bergeant.<\/p>\n<p>&#8211; Si vous changez de domicile \u00e0 l\u2019int\u00e9rieur de la commune, vous pouvez enregistrer le changement toute l\u2019ann\u00e9e mais il ne prendra effet que le 1er mars de l\u2019ann\u00e9e suivante,<\/p>\n<p>&#8211; Si vous quittez d\u00e9finitivement la commune, vous devez vous rendre \u00e0 la mairie de votre nouvelle r\u00e9sidence, avant le 31 d\u00e9cembre de l\u2019ann\u00e9e en cours, pour y effectuer votre inscription.<\/p>\n<p>[\/et_pb_toggle][\/et_pb_column][\/et_pb_row][\/et_pb_section]<\/p>\n","protected":false},"excerpt":{"rendered":"<p>Inscription sur les listes \u00e9lectoralesL\u2019inscription sur les listes \u00e9lectorales est un droit et un devoir. Pour pouvoir s\u2019inscrire sur les listes \u00e9lectorales il faut remplir deux conditions : &#8211; \u00catre de nationalit\u00e9 fran\u00e7aise, avoir plus de 18 ans et jouir de ses droits civils et politiques,- Justifier d\u2019une attache \u00e0 la commune :- r\u00e9sider depuis [&hellip;]<\/p>\n","protected":false},"author":2,"featured_media":0,"parent":29,"menu_order":0,"comment_status":"closed","ping_status":"closed","template":"","meta":{"_et_pb_use_builder":"on","_et_pb_old_content":"","_et_gb_content_width":"","footnotes":""},"class_list":["post-31","page","type-page","status-publish","hentry"],"_links":{"self":[{"href":"https:\/\/www.longlaville.fr\/index.php?rest_route=\/wp\/v2\/pages\/31","targetHints":{"allow":["GET"]}}],"collection":[{"href":"https:\/\/www.longlaville.fr\/index.php?rest_route=\/wp\/v2\/pages"}],"about":[{"href":"https:\/\/www.longlaville.fr\/index.php?rest_route=\/wp\/v2\/types\/page"}],"author":[{"embeddable":true,"href":"https:\/\/www.longlaville.fr\/index.php?rest_route=\/wp\/v2\/users\/2"}],"replies":[{"embeddable":true,"href":"https:\/\/www.longlaville.fr\/index.php?rest_route=%2Fwp%2Fv2%2Fcomments&post=31"}],"version-history":[{"count":5,"href":"https:\/\/www.longlaville.fr\/index.php?rest_route=\/wp\/v2\/pages\/31\/revisions"}],"predecessor-version":[{"id":436,"href":"https:\/\/www.longlaville.fr\/index.php?rest_route=\/wp\/v2\/pages\/31\/revisions\/436"}],"up":[{"embeddable":true,"href":"https:\/\/www.longlaville.fr\/index.php?rest_route=\/wp\/v2\/pages\/29"}],"wp:attachment":[{"href":"https:\/\/www.longlaville.fr\/index.php?rest_route=%2Fwp%2Fv2%2Fmedia&parent=31"}],"curies":[{"name":"wp","href":"https:\/\/api.w.org\/{rel}","templated":true}]}}